{"id":517,"date":"2023-01-17T22:22:21","date_gmt":"2023-01-17T21:22:21","guid":{"rendered":"https:\/\/www.toscanafair.it\/eventi\/"},"modified":"2024-06-27T09:54:40","modified_gmt":"2024-06-27T07:54:40","slug":"eventi","status":"publish","type":"page","link":"https:\/\/www.toscanafair.it\/en\/eventi\/","title":{"rendered":"Events"},"content":{"rendered":"<section class=\"u-clearfix u-valign-middle-xs u-section-2\" id=\"sec-01f7\">\n      <div class=\"u-expanded-width u-layout-grid u-list u-list-1\">\n        <div class=\"u-repeater u-repeater-1\">\n          <div class=\"u-container-style u-image u-list-item u-repeater-item u-image-1\" data-image-width=\"1959\" data-image-height=\"1306\" style=\"background-image: url(&quot;https:\/\/www.toscanafair.it\/wp-content\/uploads\/2024\/06\/IMG_5951.png&quot;);\">\n            <div class=\"u-container-layout u-similar-container u-container-layout-1\">\n              <div class=\"u-black u-container-align-center u-container-style u-group u-opacity u-opacity-10 u-group-1\">\n                <div class=\"u-container-layout u-container-layout-2\">\n                  <h2 class=\"u-align-center u-custom-font u-text u-text-1\">Business Events<\/h2>\n                  <a href=\"https:\/\/www.toscanafair.it\/en\/eventi-business\/\" class=\"u-align-center u-border-1 u-border-hover-black u-border-white u-btn u-button-style u-custom-color-1 u-custom-font u-hover-white u-text-hover-black u-text-white u-btn-1\">LEARN More<\/a>\n                <\/div>\n              <\/div>\n            <\/div>\n          <\/div>\n          <div class=\"u-container-style u-image u-list-item u-repeater-item u-image-2\" data-image-width=\"2250\" data-image-height=\"4000\" style=\"background-image: url(&quot;https:\/\/www.toscanafair.it\/wp-content\/uploads\/2024\/06\/IMG_5952-scaled.jpg&quot;);\">\n            <div class=\"u-container-layout u-similar-container u-container-layout-3\">\n              <div class=\"u-black u-container-align-center u-container-style u-group u-opacity u-opacity-10 u-group-2\">\n                <div class=\"u-container-layout u-container-layout-4\">\n                  <h2 class=\"u-align-center u-custom-font u-text u-text-2\">Private Events<br>\n                  <\/h2>\n                  <a href=\"https:\/\/www.toscanafair.it\/en\/eventi-privati-6\/\" class=\"u-align-center u-border-1 u-border-hover-black u-border-white u-btn u-button-style u-custom-color-1 u-custom-font u-hover-white u-text-hover-black u-text-white u-btn-2\">LEARN More<\/a>\n                <\/div>\n              <\/div>\n            <\/div>\n          <\/div>\n          <div class=\"u-container-style u-image u-list-item u-repeater-item u-image-3\" data-image-width=\"1335\" data-image-height=\"2000\" style=\"background-image: url(&quot;https:\/\/www.toscanafair.it\/wp-content\/uploads\/2024\/06\/IMG_5950.jpeg&quot;);\">\n            <div class=\"u-container-layout u-similar-container u-container-layout-5\">\n              <div class=\"u-black u-container-align-center u-container-style u-group u-opacity u-opacity-10 u-group-3\">\n                <div class=\"u-container-layout u-container-layout-6\">\n                  <h2 class=\"u-align-center u-custom-font u-text u-text-3\">Weddings<br>\n                    <br>\n                  <\/h2>\n                  <a href=\"https:\/\/www.toscanafair.it\/en\/matrimoni\/\" class=\"u-align-center u-border-1 u-border-hover-black u-border-white u-btn u-button-style u-custom-color-1 u-custom-font u-hover-white u-text-hover-black u-text-white u-btn-3\">LEARN More<\/a>\n                <\/div>\n              <\/div>\n            <\/div>\n          <\/div>\n        <\/div>\n      <\/div>\n    <\/section>","protected":false},"excerpt":{"rendered":"<p>Eventi Business SCOPRI DI PI\u00f9 Eventi Privati SCOPRI DI PI\u00f9 Matrimoni SCOPRI DI PI\u00f9<\/p>","protected":false},"author":1,"featured_media":0,"parent":0,"menu_order":7,"comment_status":"closed","ping_status":"closed","template":"","meta":{"footnotes":""},"class_list":["post-517","page","type-page","status-publish","hentry"],"_links":{"self":[{"href":"https:\/\/www.toscanafair.it\/en\/wp-json\/wp\/v2\/pages\/517","targetHints":{"allow":["GET"]}}],"collection":[{"href":"https:\/\/www.toscanafair.it\/en\/wp-json\/wp\/v2\/pages"}],"about":[{"href":"https:\/\/www.toscanafair.it\/en\/wp-json\/wp\/v2\/types\/page"}],"author":[{"embeddable":true,"href":"https:\/\/www.toscanafair.it\/en\/wp-json\/wp\/v2\/users\/1"}],"replies":[{"embeddable":true,"href":"https:\/\/www.toscanafair.it\/en\/wp-json\/wp\/v2\/comments?post=517"}],"version-history":[{"count":3,"href":"https:\/\/www.toscanafair.it\/en\/wp-json\/wp\/v2\/pages\/517\/revisions"}],"predecessor-version":[{"id":968,"href":"https:\/\/www.toscanafair.it\/en\/wp-json\/wp\/v2\/pages\/517\/revisions\/968"}],"wp:attachment":[{"href":"https:\/\/www.toscanafair.it\/en\/wp-json\/wp\/v2\/media?parent=517"}],"curies":[{"name":"wp","href":"https:\/\/api.w.org\/{rel}","templated":true}]}}